{"id":783,"date":"2022-07-07T21:04:53","date_gmt":"2022-07-08T02:04:53","guid":{"rendered":"https:\/\/laser-sc.com\/?page_id=783"},"modified":"2022-07-07T21:15:58","modified_gmt":"2022-07-08T02:15:58","slug":"terminos-y-condiciones","status":"publish","type":"page","link":"https:\/\/laser-sc.com\/en\/terminos-y-condiciones\/","title":{"rendered":"T\u00e9rminos y condiciones"},"content":{"rendered":"<div data-elementor-type=\"wp-page\" data-elementor-id=\"783\" class=\"elementor elementor-783\">\n\t\t\t\t\t\t\t\t\t<section class=\"elementor-section elementor-top-section elementor-element elementor-element-ad90cb6 elementor-section-boxed elementor-section-height-default elementor-section-height-default\" data-id=\"ad90cb6\" data-element_type=\"section\">\n\t\t\t\t\t\t<div class=\"elementor-container elementor-column-gap-default\">\n\t\t\t\t\t<div class=\"elementor-column elementor-col-100 elementor-top-column elementor-element elementor-element-8d548bd\" data-id=\"8d548bd\" data-element_type=\"column\">\n\t\t\t<div class=\"elementor-widget-wrap\">\n\t\t\t\t\t\t\t\t\t<\/div>\n\t\t<\/div>\n\t\t\t\t\t\t\t<\/div>\n\t\t<\/section>\n\t\t\t\t<section class=\"elementor-section elementor-top-section elementor-element elementor-element-3c5f583 elementor-section-boxed elementor-section-height-default elementor-section-height-default\" data-id=\"3c5f583\" data-element_type=\"section\">\n\t\t\t\t\t\t<div class=\"elementor-container elementor-column-gap-default\">\n\t\t\t\t\t<div class=\"elementor-column elementor-col-100 elementor-top-column elementor-element elementor-element-06154d6\" data-id=\"06154d6\" data-element_type=\"column\">\n\t\t\t<div class=\"elementor-widget-wrap elementor-element-populated\">\n\t\t\t\t\t\t\t\t<div class=\"elementor-element elementor-element-1bedeae elementor-widget elementor-widget-heading\" data-id=\"1bedeae\" data-element_type=\"widget\" data-widget_type=\"heading.default\">\n\t\t\t\t<div class=\"elementor-widget-container\">\n\t\t\t<style>\/*! elementor - v3.18.0 - 20-12-2023 *\/\n.elementor-heading-title{padding:0;margin:0;line-height:1}.elementor-widget-heading .elementor-heading-title[class*=elementor-size-]>a{color:inherit;font-size:inherit;line-height:inherit}.elementor-widget-heading .elementor-heading-title.elementor-size-small{font-size:15px}.elementor-widget-heading .elementor-heading-title.elementor-size-medium{font-size:19px}.elementor-widget-heading .elementor-heading-title.elementor-size-large{font-size:29px}.elementor-widget-heading .elementor-heading-title.elementor-size-xl{font-size:39px}.elementor-widget-heading .elementor-heading-title.elementor-size-xxl{font-size:59px}<\/style><h2 class=\"elementor-heading-title elementor-size-default\">T\u00e9rminos y Condiciones Generales de Uso de la Plataforma LASER SC<\/h2>\t\t<\/div>\n\t\t\t\t<\/div>\n\t\t\t\t\t<\/div>\n\t\t<\/div>\n\t\t\t\t\t\t\t<\/div>\n\t\t<\/section>\n\t\t\t\t<section class=\"elementor-section elementor-top-section elementor-element elementor-element-f5d7488 elementor-section-boxed elementor-section-height-default elementor-section-height-default\" data-id=\"f5d7488\" data-element_type=\"section\">\n\t\t\t\t\t\t<div class=\"elementor-container elementor-column-gap-default\">\n\t\t\t\t\t<div class=\"elementor-column elementor-col-100 elementor-top-column elementor-element elementor-element-e21d381 elementor-invisible\" data-id=\"e21d381\" data-element_type=\"column\" data-settings=\"{&quot;animation&quot;:&quot;fadeInLeft&quot;}\">\n\t\t\t<div class=\"elementor-widget-wrap elementor-element-populated\">\n\t\t\t\t\t\t\t\t<div class=\"elementor-element elementor-element-5110541 elementor-widget elementor-widget-text-editor\" data-id=\"5110541\" data-element_type=\"widget\" data-widget_type=\"text-editor.default\">\n\t\t\t\t<div class=\"elementor-widget-container\">\n\t\t\t<style>\/*! elementor - v3.18.0 - 20-12-2023 *\/\n.elementor-widget-text-editor.elementor-drop-cap-view-stacked .elementor-drop-cap{background-color:#69727d;color:#fff}.elementor-widget-text-editor.elementor-drop-cap-view-framed .elementor-drop-cap{color:#69727d;border:3px solid;background-color:transparent}.elementor-widget-text-editor:not(.elementor-drop-cap-view-default) .elementor-drop-cap{margin-top:8px}.elementor-widget-text-editor:not(.elementor-drop-cap-view-default) .elementor-drop-cap-letter{width:1em;height:1em}.elementor-widget-text-editor .elementor-drop-cap{float:left;text-align:center;line-height:1;font-size:50px}.elementor-widget-text-editor .elementor-drop-cap-letter{display:inline-block}<\/style>\t\t\t\t<p>El presente Acuerdo establece los t\u00e9rminos y condiciones generales (los \u201cT\u00e9rminos y Condiciones Generales\u201d) aplicables al uso de los servicios ofrecidos por <strong><span style=\"color: #11789a;\">Log\u00edstica Asesor\u00eda y Servicios LASER S.C.<\/span><\/strong> (en lo sucesivo <strong><span style=\"color: #11789a;\">LASER SC<\/span><\/strong>) dentro de la p\u00e1gina web\u00a0<span style=\"color: #11789a;\">www.laser-sc.com.<\/span><\/p><p>Cualquier usuario que desee acceder y\/o usar la plataforma LASER SC, podr\u00e1 hacerlo sujet\u00e1ndose a los T\u00e9rminos y Condiciones Generales de Uso del sitio LASER SC, junto con todas las dem\u00e1s pol\u00edticas y principios que rigen a LASER SC y que se entienden incorporados al presente por referencia, por lo que al aceptar estos T\u00e9rminos y Condiciones Generales de Uso acepta que cuenta con la capacidad legal para obligarse a lo aqu\u00ed dispuesto.<\/p><p>Cualquier persona que no acepte estos T\u00e9rminos y Condiciones Generales de Uso, los cuales tienen un car\u00e1cter obligatorio y vinculante, deber\u00e1 abstenerse de utilizar la Plataforma LASER SC y cualquier canal de LASER SC que se publique.<\/p><p>\u00a0<\/p><p><strong><span style=\"color: #11789a;\">\u00bfQu\u00e9 ofrece la plataforma LASER SC?<\/span><\/strong><\/p><p>LASER SC es una empresa que ofrece servicios log\u00edsticos a lo largo de toda la cadena de suministro. La plataforma LASER SC es un portal tecnol\u00f3gico para que los clientes puedan solicitar sus servicios principalmente en las unidades de negocio de fletes consolidados o LTL, log\u00edstica nacional o fletes dedicados y en paqueter\u00eda. En esta plataforma es posible generar gu\u00edas con m\u00faltiples empresas de paqueter\u00eda con las que se tiene convenio y exportar un pre-formato de Carta Porte.<\/p><p>Cada usuario es el \u00fanico responsable de seleccionar al negocio con el que quiere realizar su env\u00edo. Los servicios se proporcionan en la ubicaci\u00f3n indicada en las gu\u00edas que se establecen por el usuario. Todos los usuarios entienden y reconocen que:<\/p><ol><li aria-level=\"1\"><p>LASER SC no realiza verificaciones de antecedentes de los usuarios o negocios<\/p><\/li><li aria-level=\"1\"><p>Cada usuario debe decidir si un negocio es adecuado y debe actuar con precauci\u00f3n y sentido com\u00fan para proteger la seguridad personal y la propiedad de dicho profesional y su personal, seg\u00fan corresponda, tal como lo har\u00edan al interactuar con alguien que no conoce.<\/p><\/li><\/ol><p>\u00a0<\/p><p><strong><span style=\"color: #11789a;\">Capacidad<\/span><\/strong><\/p><p>Los Servicios ofertados a trav\u00e9s de la plataforma LASER SC solo se encontrar\u00e1n disponibles para aquellos que se encuentren dentro de nuestra red de clientes y socios de servicio activos.<\/p><p><strong><span style=\"color: #11789a;\">Registro<\/span><\/strong><\/p><p>La creaci\u00f3n de una cuenta en la plataforma LASER SC es obligatoria para el uso de la misma. La informaci\u00f3n de la cuenta es necesaria para el acceso a la plataforma LASER SC y para modificar datos, servicios y\/o pedidos.<\/p><p>Las partes se obligan a verificar que la informaci\u00f3n personal aportada en el formulario de inscripci\u00f3n sea verdadera y asumen desde la aceptaci\u00f3n de los presentes T\u00e9rminos y Condiciones Generales de Uso el compromiso de actualizar su informaci\u00f3n cada vez que sea necesario.<\/p><p>LASER SC no se hace responsable de la veracidad de los datos entregados por las partes, siendo estos \u00faltimos quienes responder\u00e1n \u00edntegramente por el contenido de estos. LASER SC se reserva el derecho de en cualquier momento solicitar cualquier tipo de documentaci\u00f3n adicional a fin de verificar los datos proporcionados por las partes, as\u00ed como tambi\u00e9n de suspender temporal o definitivamente el registro de aquellos cuya informaci\u00f3n no se haya podido verificar a entera satisfacci\u00f3n de LASER SC, as\u00ed como por acciones que vayan en contra de las buenas costumbres y el respeto entre las partes.<\/p><p><strong><span style=\"color: #11789a;\">Uso del sitio<\/span><\/strong><\/p><p>Los negocios acceder\u00e1n a su cuenta mediante el ingreso de su nombre de usuario y de la clave de seguridad personal elegida. Las Partes se obligan a mantener la confidencialidad de su clave de seguridad y aceptan que esta es \u00fanica e intransferible. Est\u00e1 estrictamente prohibido que un mismo negocio posea m\u00e1s de una cuenta.<\/p><p>Las partes ser\u00e1n responsables por todas las operaciones efectuadas en su cuenta. As\u00ed mismo, se comprometen a notificar a LASER SC en forma inmediata y por los medios que corresponda, cualquier uso no autorizado de su cuenta, as\u00ed como el ingreso por terceros no autorizados a la misma. LASER SC inhabilitar\u00e1 inmediatamente la cuenta notificando a la parte afectada del procedimiento para recuperar su cuenta.<\/p><p><strong><span style=\"color: #11789a;\">Productos y\/o Servicios.<\/span><\/strong><\/p><p>Los productos y\/o servicios ofertados dentro de la plataforma de LASER SC ser\u00e1n realizados u otorgados por el negocio registrado, quitando cualquier obligaci\u00f3n a LASER SC con el usuario y\/o el negocio. Las im\u00e1genes generales utilizadas en la plataforma LASER SC son solo ilustrativas y el servicio ofrecido podr\u00eda variar. Toda la informaci\u00f3n e im\u00e1genes contenida en los perfiles de los negocios es de exclusiva responsabilidad de ellos mismos.<\/p><p>Cualquier omisi\u00f3n de informaci\u00f3n, libera completamente de responsabilidad a la plataforma LASER SC.<\/p><p><strong><span style=\"color: #11789a;\">Formas de pago y tarifas<\/span><\/strong><\/p><p>LASER SC no es un banco y no ofrece servicios bancarios. LASER SC no acepta ning\u00fan tipo de pago a trav\u00e9s de la plataforma, por lo que eso se traslada directamente a la relaci\u00f3n que se genere entre el usuario y el negocio en cuesti\u00f3n.<\/p><p><strong><span style=\"color: #11789a;\">Usuarios<\/span><\/strong><\/p><p>La inscripci\u00f3n en la plataforma LASER SC queda sujeta a cambios sin previo aviso.<\/p><p><strong><span style=\"color: #11789a;\">Privacidad de la informaci\u00f3n<\/span><\/strong><\/p><p>Para utilizar los servicios ofrecidos por LASER SC, las partes deber\u00e1n entregar determinada informaci\u00f3n de acuerdo con lo dispuesto en la secci\u00f3n de registro de estos T\u00e9rminos y Condiciones Generales de Uso. Dicha informaci\u00f3n se procesa y almacena en servidores o medios magn\u00e9ticos que mantienen altos est\u00e1ndares de seguridad y protecci\u00f3n tanto f\u00edsica como tecnol\u00f3gica. Las partes declaran conocer y aceptar la pol\u00edtica de privacidad que rige a LASER SC.<\/p><p>No est\u00e1 permitida ninguna acci\u00f3n o uso de dispositivo, software, u otro medio tendiente a interferir tanto en las actividades operaci\u00f3n de LASER SC, como en las cuentas o bases de datos de este.<\/p><p>Cualquier intromisi\u00f3n, tentativa, violaci\u00f3n o actividad contraria a las leyes sobre derecho de propiedad intelectual y\/o a las prohibiciones estipuladas en estos T\u00e9rminos y Condiciones Generales de Uso y la Pol\u00edtica de Privacidad har\u00e1n responsable a quien corresponda, reserv\u00e1ndose LASER SC, el ejercicio de todas las acciones legales establecidas por la Ley vigente en los Estados Unidos Mexicanos.<\/p><p><strong><span style=\"color: #11789a;\">Alcance de los servicios<\/span><\/strong><\/p><p>Este acuerdo no crea ning\u00fan contrato de sociedad, de mandato, de franquicia, o relaci\u00f3n laboral entre LASER SC y las partes. Las partes reconocen y aceptan que LASER SC no es parte de ninguna operaci\u00f3n relativa a la adquisici\u00f3n o reserva del servicio. LASER SC no puede garantizar ni asegurar el cumplimiento de cualquier obligaci\u00f3n contra\u00edda tanto por el Usuario como por el cliente en el marco de la relaci\u00f3n comercial existente entre ambos.<\/p><p><strong><span style=\"color: #11789a;\">Fallas en el sistema<\/span><\/strong><\/p><p>LASER SC no se responsabiliza por cualquier da\u00f1o, perjuicio o p\u00e9rdida a los partes causados por fallas en la plataforma LASER SC, tampoco ser\u00e1 responsable por cualquier virus que pudiera infectar el equipo de las partes como consecuencia del acceso, uso o examen de su plataforma o a ra\u00edz de cualquier transferencia de datos, archivos, im\u00e1genes, textos, o audio contenidos en el mismo. Las partes NO podr\u00e1n imputarle responsabilidad alguna a LASER SC ni exigir cualquier tipo de indemnizaci\u00f3n, en virtud de perjuicios resultantes de dificultades t\u00e9cnicas o fallas en los sistemas o en internet.<\/p><p><strong><span style=\"color: #11789a;\">Propiedad intelectual<\/span><\/strong><\/p><p>El contenido de la plataforma LASER SC se encuentra protegido por leyes de propiedad industrial e intelectual. Su copia, redistribuci\u00f3n, uso o publicaci\u00f3n, total o parcial, est\u00e1n prohibidas por la ley y los presentes T\u00e9rminos y Condiciones Generales de Uso.<\/p><p>La publicaci\u00f3n o transmisi\u00f3n de informaci\u00f3n o documentos de la plataforma LASER SC, no constituye una renuncia de cualquier derecho relacionado con tales documentos o informaci\u00f3n. LASER SC se reserva el ejercicio de todas las acciones legales destinadas al resguardo de sus leg\u00edtimos derechos de propiedad intelectual e industrial.<\/p><p><strong><span style=\"color: #11789a;\">Modificaciones del acuerdo<\/span><\/strong><\/p><p>LASER SC podr\u00e1 modificar los T\u00e9rminos y Condiciones Generales de Uso en cualquier momento haciendo p\u00fablicos en la plataforma LASER SC los t\u00e9rminos modificados. Todos los t\u00e9rminos modificados entrar\u00e1n en vigor el d\u00eda de su publicaci\u00f3n. LASER SC informar\u00e1 v\u00eda correo electr\u00f3nico al correo registrado de las partes y a trav\u00e9s de la propia plataforma, de las modificaciones realizadas a los T\u00e9rminos y Condiciones Generales de Uso.<\/p><p><strong><span style=\"color: #11789a;\">Jurisdicci\u00f3n y ley aplicable<\/span><\/strong><\/p><p>Los presentes T\u00e9rminos y Condiciones Generales de Uso estar\u00e1n regidos por las leyes de los Estados Unidos Mexicanos. Cualquier controversia derivada del presente acuerdo, su existencia, validez, interpretaci\u00f3n, alcance y\/o cumplimiento, ser\u00e1 sometida a las leyes aplicables y a los Tribunales competentes.<\/p><p>\u00a0<\/p>\t\t\t\t\t\t<\/div>\n\t\t\t\t<\/div>\n\t\t\t\t\t<\/div>\n\t\t<\/div>\n\t\t\t\t\t\t\t<\/div>\n\t\t<\/section>\n\t\t\t\t<section class=\"elementor-section elementor-top-section elementor-element elementor-element-1be97b5 elementor-section-boxed elementor-section-height-default elementor-section-height-default\" data-id=\"1be97b5\" data-element_type=\"section\">\n\t\t\t\t\t\t<div class=\"elementor-container elementor-column-gap-default\">\n\t\t\t\t\t<div class=\"elementor-column elementor-col-100 elementor-top-column elementor-element elementor-element-bb36773\" data-id=\"bb36773\" data-element_type=\"column\">\n\t\t\t<div class=\"elementor-widget-wrap elementor-element-populated\">\n\t\t\t\t\t\t\t\t<div class=\"elementor-element elementor-element-da3d22f elementor-widget elementor-widget-spacer\" data-id=\"da3d22f\" data-element_type=\"widget\" data-widget_type=\"spacer.default\">\n\t\t\t\t<div class=\"elementor-widget-container\">\n\t\t\t<style>\/*! elementor - v3.18.0 - 20-12-2023 *\/\n.elementor-column .elementor-spacer-inner{height:var(--spacer-size)}.e-con{--container-widget-width:100%}.e-con-inner>.elementor-widget-spacer,.e-con>.elementor-widget-spacer{width:var(--container-widget-width,var(--spacer-size));--align-self:var(--container-widget-align-self,initial);--flex-shrink:0}.e-con-inner>.elementor-widget-spacer>.elementor-widget-container,.e-con>.elementor-widget-spacer>.elementor-widget-container{height:100%;width:100%}.e-con-inner>.elementor-widget-spacer>.elementor-widget-container>.elementor-spacer,.e-con>.elementor-widget-spacer>.elementor-widget-container>.elementor-spacer{height:100%}.e-con-inner>.elementor-widget-spacer>.elementor-widget-container>.elementor-spacer>.elementor-spacer-inner,.e-con>.elementor-widget-spacer>.elementor-widget-container>.elementor-spacer>.elementor-spacer-inner{height:var(--container-widget-height,var(--spacer-size))}.e-con-inner>.elementor-widget-spacer.elementor-widget-empty,.e-con>.elementor-widget-spacer.elementor-widget-empty{position:relative;min-height:22px;min-width:22px}.e-con-inner>.elementor-widget-spacer.elementor-widget-empty .elementor-widget-empty-icon,.e-con>.elementor-widget-spacer.elementor-widget-empty .elementor-widget-empty-icon{position:absolute;top:0;bottom:0;left:0;right:0;margin:auto;padding:0;width:22px;height:22px}<\/style>\t\t<div class=\"elementor-spacer\">\n\t\t\t<div class=\"elementor-spacer-inner\"><\/div>\n\t\t<\/div>\n\t\t\t\t<\/div>\n\t\t\t\t<\/div>\n\t\t\t\t\t<\/div>\n\t\t<\/div>\n\t\t\t\t\t\t\t<\/div>\n\t\t<\/section>\n\t\t\t\t\t\t\t<\/div>","protected":false},"excerpt":{"rendered":"<p>T\u00e9rminos y Condiciones Generales de Uso de la Plataforma LASER SC El presente Acuerdo establece los t\u00e9rminos y condiciones generales (los \u201cT\u00e9rminos y Condiciones Generales\u201d) aplicables al uso de los servicios ofrecidos por Log\u00edstica Asesor\u00eda y Servicios LASER S.C. (en lo sucesivo LASER SC) dentro de la p\u00e1gina web\u00a0www.laser-sc.com. Cualquier usuario que desee acceder y\/o [&hellip;]<\/p>","protected":false},"author":1,"featured_media":0,"parent":0,"menu_order":0,"comment_status":"closed","ping_status":"closed","template":"elementor_header_footer","meta":{"footnotes":""},"yoast_head":"<!-- This site is optimized with the Yoast SEO plugin v21.7 - https:\/\/yoast.com\/wordpress\/plugins\/seo\/ -->\n<title>T\u00e9rminos y condiciones - Laser SC<\/title>\n<meta name=\"robots\" content=\"index, follow, max-snippet:-1, max-image-preview:large, max-video-preview:-1\" \/>\n<link rel=\"canonical\" href=\"https:\/\/laser-sc.com\/en\/terminos-y-condiciones\/\" \/>\n<meta property=\"og:locale\" content=\"en_US\" \/>\n<meta property=\"og:type\" content=\"article\" \/>\n<meta property=\"og:title\" content=\"T\u00e9rminos y condiciones - Laser SC\" \/>\n<meta property=\"og:description\" content=\"T\u00e9rminos y Condiciones Generales de Uso de la Plataforma LASER SC El presente Acuerdo establece los t\u00e9rminos y condiciones generales (los \u201cT\u00e9rminos y Condiciones Generales\u201d) aplicables al uso de los servicios ofrecidos por Log\u00edstica Asesor\u00eda y Servicios LASER S.C. (en lo sucesivo LASER SC) dentro de la p\u00e1gina web\u00a0www.laser-sc.com. Cualquier usuario que desee acceder y\/o [&hellip;]\" \/>\n<meta property=\"og:url\" content=\"https:\/\/laser-sc.com\/en\/terminos-y-condiciones\/\" \/>\n<meta property=\"og:site_name\" content=\"Laser SC\" \/>\n<meta property=\"article:modified_time\" content=\"2022-07-08T02:15:58+00:00\" \/>\n<meta name=\"twitter:card\" content=\"summary_large_image\" \/>\n<meta name=\"twitter:label1\" content=\"Est. reading time\" \/>\n\t<meta name=\"twitter:data1\" content=\"7 minutes\" \/>\n<script type=\"application\/ld+json\" class=\"yoast-schema-graph\">{\"@context\":\"https:\/\/schema.org\",\"@graph\":[{\"@type\":\"WebPage\",\"@id\":\"https:\/\/laser-sc.com\/terminos-y-condiciones\/\",\"url\":\"https:\/\/laser-sc.com\/terminos-y-condiciones\/\",\"name\":\"T\u00e9rminos y condiciones - Laser SC\",\"isPartOf\":{\"@id\":\"https:\/\/laser-sc.com\/#website\"},\"datePublished\":\"2022-07-08T02:04:53+00:00\",\"dateModified\":\"2022-07-08T02:15:58+00:00\",\"breadcrumb\":{\"@id\":\"https:\/\/laser-sc.com\/terminos-y-condiciones\/#breadcrumb\"},\"inLanguage\":\"en-US\",\"potentialAction\":[{\"@type\":\"ReadAction\",\"target\":[\"https:\/\/laser-sc.com\/terminos-y-condiciones\/\"]}]},{\"@type\":\"BreadcrumbList\",\"@id\":\"https:\/\/laser-sc.com\/terminos-y-condiciones\/#breadcrumb\",\"itemListElement\":[{\"@type\":\"ListItem\",\"position\":1,\"name\":\"Portada\",\"item\":\"https:\/\/laser-sc.com\/\"},{\"@type\":\"ListItem\",\"position\":2,\"name\":\"T\u00e9rminos y condiciones\"}]},{\"@type\":\"WebSite\",\"@id\":\"https:\/\/laser-sc.com\/#website\",\"url\":\"https:\/\/laser-sc.com\/\",\"name\":\"Laser SC\",\"description\":\"\",\"publisher\":{\"@id\":\"https:\/\/laser-sc.com\/#organization\"},\"potentialAction\":[{\"@type\":\"SearchAction\",\"target\":{\"@type\":\"EntryPoint\",\"urlTemplate\":\"https:\/\/laser-sc.com\/?s={search_term_string}\"},\"query-input\":\"required name=search_term_string\"}],\"inLanguage\":\"en-US\"},{\"@type\":\"Organization\",\"@id\":\"https:\/\/laser-sc.com\/#organization\",\"name\":\"Laser SC\",\"url\":\"https:\/\/laser-sc.com\/\",\"logo\":{\"@type\":\"ImageObject\",\"inLanguage\":\"en-US\",\"@id\":\"https:\/\/laser-sc.com\/#\/schema\/logo\/image\/\",\"url\":\"https:\/\/laser-sc.com\/wp-content\/uploads\/2022\/05\/cropped-e-22.png\",\"contentUrl\":\"https:\/\/laser-sc.com\/wp-content\/uploads\/2022\/05\/cropped-e-22.png\",\"width\":209,\"height\":58,\"caption\":\"Laser SC\"},\"image\":{\"@id\":\"https:\/\/laser-sc.com\/#\/schema\/logo\/image\/\"}}]}<\/script>\n<!-- \/ Yoast SEO plugin. -->","yoast_head_json":{"title":"T\u00e9rminos y condiciones - Laser SC","robots":{"index":"index","follow":"follow","max-snippet":"max-snippet:-1","max-image-preview":"max-image-preview:large","max-video-preview":"max-video-preview:-1"},"canonical":"https:\/\/laser-sc.com\/en\/terminos-y-condiciones\/","og_locale":"en_US","og_type":"article","og_title":"T\u00e9rminos y condiciones - Laser SC","og_description":"T\u00e9rminos y Condiciones Generales de Uso de la Plataforma LASER SC El presente Acuerdo establece los t\u00e9rminos y condiciones generales (los \u201cT\u00e9rminos y Condiciones Generales\u201d) aplicables al uso de los servicios ofrecidos por Log\u00edstica Asesor\u00eda y Servicios LASER S.C. (en lo sucesivo LASER SC) dentro de la p\u00e1gina web\u00a0www.laser-sc.com. Cualquier usuario que desee acceder y\/o [&hellip;]","og_url":"https:\/\/laser-sc.com\/en\/terminos-y-condiciones\/","og_site_name":"Laser SC","article_modified_time":"2022-07-08T02:15:58+00:00","twitter_card":"summary_large_image","twitter_misc":{"Est. reading time":"7 minutes"},"schema":{"@context":"https:\/\/schema.org","@graph":[{"@type":"WebPage","@id":"https:\/\/laser-sc.com\/terminos-y-condiciones\/","url":"https:\/\/laser-sc.com\/terminos-y-condiciones\/","name":"T\u00e9rminos y condiciones - Laser SC","isPartOf":{"@id":"https:\/\/laser-sc.com\/#website"},"datePublished":"2022-07-08T02:04:53+00:00","dateModified":"2022-07-08T02:15:58+00:00","breadcrumb":{"@id":"https:\/\/laser-sc.com\/terminos-y-condiciones\/#breadcrumb"},"inLanguage":"en-US","potentialAction":[{"@type":"ReadAction","target":["https:\/\/laser-sc.com\/terminos-y-condiciones\/"]}]},{"@type":"BreadcrumbList","@id":"https:\/\/laser-sc.com\/terminos-y-condiciones\/#breadcrumb","itemListElement":[{"@type":"ListItem","position":1,"name":"Portada","item":"https:\/\/laser-sc.com\/"},{"@type":"ListItem","position":2,"name":"T\u00e9rminos y condiciones"}]},{"@type":"WebSite","@id":"https:\/\/laser-sc.com\/#website","url":"https:\/\/laser-sc.com\/","name":"Laser SC","description":"","publisher":{"@id":"https:\/\/laser-sc.com\/#organization"},"potentialAction":[{"@type":"SearchAction","target":{"@type":"EntryPoint","urlTemplate":"https:\/\/laser-sc.com\/?s={search_term_string}"},"query-input":"required name=search_term_string"}],"inLanguage":"en-US"},{"@type":"Organization","@id":"https:\/\/laser-sc.com\/#organization","name":"Laser SC","url":"https:\/\/laser-sc.com\/","logo":{"@type":"ImageObject","inLanguage":"en-US","@id":"https:\/\/laser-sc.com\/#\/schema\/logo\/image\/","url":"https:\/\/laser-sc.com\/wp-content\/uploads\/2022\/05\/cropped-e-22.png","contentUrl":"https:\/\/laser-sc.com\/wp-content\/uploads\/2022\/05\/cropped-e-22.png","width":209,"height":58,"caption":"Laser SC"},"image":{"@id":"https:\/\/laser-sc.com\/#\/schema\/logo\/image\/"}}]}},"_links":{"self":[{"href":"https:\/\/laser-sc.com\/en\/wp-json\/wp\/v2\/pages\/783"}],"collection":[{"href":"https:\/\/laser-sc.com\/en\/wp-json\/wp\/v2\/pages"}],"about":[{"href":"https:\/\/laser-sc.com\/en\/wp-json\/wp\/v2\/types\/page"}],"author":[{"embeddable":true,"href":"https:\/\/laser-sc.com\/en\/wp-json\/wp\/v2\/users\/1"}],"replies":[{"embeddable":true,"href":"https:\/\/laser-sc.com\/en\/wp-json\/wp\/v2\/comments?post=783"}],"version-history":[{"count":4,"href":"https:\/\/laser-sc.com\/en\/wp-json\/wp\/v2\/pages\/783\/revisions"}],"predecessor-version":[{"id":787,"href":"https:\/\/laser-sc.com\/en\/wp-json\/wp\/v2\/pages\/783\/revisions\/787"}],"wp:attachment":[{"href":"https:\/\/laser-sc.com\/en\/wp-json\/wp\/v2\/media?parent=783"}],"curies":[{"name":"wp","href":"https:\/\/api.w.org\/{rel}","templated":true}]}}