{"id":522,"date":"2022-06-12T22:26:03","date_gmt":"2022-06-13T03:26:03","guid":{"rendered":"https:\/\/laser-sc.com\/?page_id=522"},"modified":"2022-08-24T12:46:11","modified_gmt":"2022-08-24T17:46:11","slug":"rse","status":"publish","type":"page","link":"https:\/\/laser-sc.com\/en\/rse\/","title":{"rendered":"CSR"},"content":{"rendered":"<div data-elementor-type=\"wp-page\" data-elementor-id=\"522\" class=\"elementor elementor-522\">\n\t\t\t\t\t\t\t\t\t<section class=\"elementor-section elementor-top-section elementor-element elementor-element-ad90cb6 elementor-section-boxed elementor-section-height-default elementor-section-height-default\" data-id=\"ad90cb6\" data-element_type=\"section\">\n\t\t\t\t\t\t<div class=\"elementor-container elementor-column-gap-default\">\n\t\t\t\t\t<div class=\"elementor-column elementor-col-100 elementor-top-column elementor-element elementor-element-8d548bd\" data-id=\"8d548bd\" data-element_type=\"column\">\n\t\t\t<div class=\"elementor-widget-wrap\">\n\t\t\t\t\t\t\t\t\t<\/div>\n\t\t<\/div>\n\t\t\t\t\t\t\t<\/div>\n\t\t<\/section>\n\t\t\t\t<section class=\"elementor-section elementor-top-section elementor-element elementor-element-3c5f583 elementor-section-boxed elementor-section-height-default elementor-section-height-default\" data-id=\"3c5f583\" data-element_type=\"section\">\n\t\t\t\t\t\t<div class=\"elementor-container elementor-column-gap-default\">\n\t\t\t\t\t<div class=\"elementor-column elementor-col-100 elementor-top-column elementor-element elementor-element-06154d6\" data-id=\"06154d6\" data-element_type=\"column\">\n\t\t\t<div class=\"elementor-widget-wrap elementor-element-populated\">\n\t\t\t\t\t\t\t\t<div class=\"elementor-element elementor-element-1bedeae elementor-widget elementor-widget-heading\" data-id=\"1bedeae\" data-element_type=\"widget\" data-widget_type=\"heading.default\">\n\t\t\t\t<div class=\"elementor-widget-container\">\n\t\t\t<style>\/*! elementor - v3.18.0 - 20-12-2023 *\/\n.elementor-heading-title{padding:0;margin:0;line-height:1}.elementor-widget-heading .elementor-heading-title[class*=elementor-size-]>a{color:inherit;font-size:inherit;line-height:inherit}.elementor-widget-heading .elementor-heading-title.elementor-size-small{font-size:15px}.elementor-widget-heading .elementor-heading-title.elementor-size-medium{font-size:19px}.elementor-widget-heading .elementor-heading-title.elementor-size-large{font-size:29px}.elementor-widget-heading .elementor-heading-title.elementor-size-xl{font-size:39px}.elementor-widget-heading .elementor-heading-title.elementor-size-xxl{font-size:59px}<\/style><h2 class=\"elementor-heading-title elementor-size-default\">Nuestro compromiso <br> con el mundo<\/h2>\t\t<\/div>\n\t\t\t\t<\/div>\n\t\t\t\t\t<\/div>\n\t\t<\/div>\n\t\t\t\t\t\t\t<\/div>\n\t\t<\/section>\n\t\t\t\t<section class=\"elementor-section elementor-top-section elementor-element elementor-element-f5d7488 elementor-section-boxed elementor-section-height-default elementor-section-height-default\" data-id=\"f5d7488\" data-element_type=\"section\">\n\t\t\t\t\t\t<div class=\"elementor-container elementor-column-gap-default\">\n\t\t\t\t\t<div class=\"elementor-column elementor-col-50 elementor-top-column elementor-element elementor-element-e21d381 elementor-invisible\" data-id=\"e21d381\" data-element_type=\"column\" data-settings=\"{&quot;animation&quot;:&quot;fadeInLeft&quot;}\">\n\t\t\t<div class=\"elementor-widget-wrap elementor-element-populated\">\n\t\t\t\t\t\t\t\t<div class=\"elementor-element elementor-element-3f04b9a elementor-widget elementor-widget-heading\" data-id=\"3f04b9a\" data-element_type=\"widget\" data-widget_type=\"heading.default\">\n\t\t\t\t<div class=\"elementor-widget-container\">\n\t\t\t<h2 class=\"elementor-heading-title elementor-size-default\">Log\u00edstica <br> sostenible<\/h2>\t\t<\/div>\n\t\t\t\t<\/div>\n\t\t\t\t<div class=\"elementor-element elementor-element-5110541 elementor-widget elementor-widget-text-editor\" data-id=\"5110541\" data-element_type=\"widget\" data-widget_type=\"text-editor.default\">\n\t\t\t\t<div class=\"elementor-widget-container\">\n\t\t\t<style>\/*! elementor - v3.18.0 - 20-12-2023 *\/\n.elementor-widget-text-editor.elementor-drop-cap-view-stacked .elementor-drop-cap{background-color:#69727d;color:#fff}.elementor-widget-text-editor.elementor-drop-cap-view-framed .elementor-drop-cap{color:#69727d;border:3px solid;background-color:transparent}.elementor-widget-text-editor:not(.elementor-drop-cap-view-default) .elementor-drop-cap{margin-top:8px}.elementor-widget-text-editor:not(.elementor-drop-cap-view-default) .elementor-drop-cap-letter{width:1em;height:1em}.elementor-widget-text-editor .elementor-drop-cap{float:left;text-align:center;line-height:1;font-size:50px}.elementor-widget-text-editor .elementor-drop-cap-letter{display:inline-block}<\/style>\t\t\t\t<p>Estamos conscientes del n\u00famero de operaciones de log\u00edstica que se est\u00e1n produciendo en el planeta cada d\u00eda.<br \/><br \/>Desde ese entendimiento, como empresa que ofrece servicios log\u00edsticos sabemos que tenemos mucho protagonismo como impulsores de cambios tendentes hacia la sostenibilidad.<\/p>\t\t\t\t\t\t<\/div>\n\t\t\t\t<\/div>\n\t\t\t\t\t<\/div>\n\t\t<\/div>\n\t\t\t\t<div class=\"elementor-column elementor-col-50 elementor-top-column elementor-element elementor-element-0f5d123 elementor-invisible\" data-id=\"0f5d123\" data-element_type=\"column\" data-settings=\"{&quot;animation&quot;:&quot;fadeInRight&quot;}\">\n\t\t\t<div class=\"elementor-widget-wrap elementor-element-populated\">\n\t\t\t\t\t\t\t\t<div class=\"elementor-element elementor-element-205a418 elementor-widget elementor-widget-image\" data-id=\"205a418\" data-element_type=\"widget\" data-widget_type=\"image.default\">\n\t\t\t\t<div class=\"elementor-widget-container\">\n\t\t\t<style>\/*! elementor - v3.18.0 - 20-12-2023 *\/\n.elementor-widget-image{text-align:center}.elementor-widget-image a{display:inline-block}.elementor-widget-image a img[src$=\".svg\"]{width:48px}.elementor-widget-image img{vertical-align:middle;display:inline-block}<\/style>\t\t\t\t\t\t\t\t\t\t\t\t<img fetchpriority=\"high\" decoding=\"async\" width=\"576\" height=\"464\" src=\"https:\/\/laser-sc.com\/wp-content\/uploads\/2022\/06\/elemento-62.png\" class=\"attachment-full size-full wp-image-524\" alt=\"\" srcset=\"https:\/\/laser-sc.com\/wp-content\/uploads\/2022\/06\/elemento-62.png 576w, https:\/\/laser-sc.com\/wp-content\/uploads\/2022\/06\/elemento-62-300x242.png 300w\" sizes=\"(max-width: 576px) 100vw, 576px\" \/>\t\t\t\t\t\t\t\t\t\t\t\t\t\t\t<\/div>\n\t\t\t\t<\/div>\n\t\t\t\t\t<\/div>\n\t\t<\/div>\n\t\t\t\t\t\t\t<\/div>\n\t\t<\/section>\n\t\t\t\t<section class=\"elementor-section elementor-top-section elementor-element elementor-element-1be97b5 elementor-section-boxed elementor-section-height-default elementor-section-height-default\" data-id=\"1be97b5\" data-element_type=\"section\">\n\t\t\t\t\t\t<div class=\"elementor-container elementor-column-gap-default\">\n\t\t\t\t\t<div class=\"elementor-column elementor-col-100 elementor-top-column elementor-element elementor-element-bb36773\" data-id=\"bb36773\" data-element_type=\"column\">\n\t\t\t<div class=\"elementor-widget-wrap elementor-element-populated\">\n\t\t\t\t\t\t\t\t<div class=\"elementor-element elementor-element-da3d22f elementor-widget elementor-widget-spacer\" data-id=\"da3d22f\" data-element_type=\"widget\" data-widget_type=\"spacer.default\">\n\t\t\t\t<div class=\"elementor-widget-container\">\n\t\t\t<style>\/*! elementor - v3.18.0 - 20-12-2023 *\/\n.elementor-column .elementor-spacer-inner{height:var(--spacer-size)}.e-con{--container-widget-width:100%}.e-con-inner>.elementor-widget-spacer,.e-con>.elementor-widget-spacer{width:var(--container-widget-width,var(--spacer-size));--align-self:var(--container-widget-align-self,initial);--flex-shrink:0}.e-con-inner>.elementor-widget-spacer>.elementor-widget-container,.e-con>.elementor-widget-spacer>.elementor-widget-container{height:100%;width:100%}.e-con-inner>.elementor-widget-spacer>.elementor-widget-container>.elementor-spacer,.e-con>.elementor-widget-spacer>.elementor-widget-container>.elementor-spacer{height:100%}.e-con-inner>.elementor-widget-spacer>.elementor-widget-container>.elementor-spacer>.elementor-spacer-inner,.e-con>.elementor-widget-spacer>.elementor-widget-container>.elementor-spacer>.elementor-spacer-inner{height:var(--container-widget-height,var(--spacer-size))}.e-con-inner>.elementor-widget-spacer.elementor-widget-empty,.e-con>.elementor-widget-spacer.elementor-widget-empty{position:relative;min-height:22px;min-width:22px}.e-con-inner>.elementor-widget-spacer.elementor-widget-empty .elementor-widget-empty-icon,.e-con>.elementor-widget-spacer.elementor-widget-empty .elementor-widget-empty-icon{position:absolute;top:0;bottom:0;left:0;right:0;margin:auto;padding:0;width:22px;height:22px}<\/style>\t\t<div class=\"elementor-spacer\">\n\t\t\t<div class=\"elementor-spacer-inner\"><\/div>\n\t\t<\/div>\n\t\t\t\t<\/div>\n\t\t\t\t<\/div>\n\t\t\t\t\t<\/div>\n\t\t<\/div>\n\t\t\t\t\t\t\t<\/div>\n\t\t<\/section>\n\t\t\t\t<section class=\"elementor-section elementor-top-section elementor-element elementor-element-202b908 elementor-section-boxed elementor-section-height-default elementor-section-height-default elementor-invisible\" data-id=\"202b908\" data-element_type=\"section\" data-settings=\"{&quot;background_background&quot;:&quot;classic&quot;,&quot;animation&quot;:&quot;fadeInUp&quot;}\">\n\t\t\t\t\t\t<div class=\"elementor-container elementor-column-gap-default\">\n\t\t\t\t\t<div class=\"elementor-column elementor-col-50 elementor-top-column elementor-element elementor-element-39fe682\" data-id=\"39fe682\" data-element_type=\"column\">\n\t\t\t<div class=\"elementor-widget-wrap elementor-element-populated\">\n\t\t\t\t\t\t\t\t<div class=\"elementor-element elementor-element-8a45da1 elementor-widget elementor-widget-heading\" data-id=\"8a45da1\" data-element_type=\"widget\" data-widget_type=\"heading.default\">\n\t\t\t\t<div class=\"elementor-widget-container\">\n\t\t\t<h4 class=\"elementor-heading-title elementor-size-default\">Nuestro compromiso hacia la sostenibilidad log\u00edstica<\/h4>\t\t<\/div>\n\t\t\t\t<\/div>\n\t\t\t\t\t<\/div>\n\t\t<\/div>\n\t\t\t\t<div class=\"elementor-column elementor-col-50 elementor-top-column elementor-element elementor-element-101f1e1\" data-id=\"101f1e1\" data-element_type=\"column\">\n\t\t\t<div class=\"elementor-widget-wrap elementor-element-populated\">\n\t\t\t\t\t\t\t\t<div class=\"elementor-element elementor-element-e4f8c47 elementor-widget elementor-widget-text-editor\" data-id=\"e4f8c47\" data-element_type=\"widget\" data-widget_type=\"text-editor.default\">\n\t\t\t\t<div class=\"elementor-widget-container\">\n\t\t\t\t\t\t\t<p>Reconocemos a la Agenda de Naciones Unidas como la hoja de ruta para establecer nuestro plan de sostenibilidad.<\/p>\t\t\t\t\t\t<\/div>\n\t\t\t\t<\/div>\n\t\t\t\t\t<\/div>\n\t\t<\/div>\n\t\t\t\t\t\t\t<\/div>\n\t\t<\/section>\n\t\t\t\t<section class=\"elementor-section elementor-top-section elementor-element elementor-element-fd2d6c1 elementor-section-boxed elementor-section-height-default elementor-section-height-default elementor-invisible\" data-id=\"fd2d6c1\" data-element_type=\"section\" data-settings=\"{&quot;background_background&quot;:&quot;classic&quot;,&quot;animation&quot;:&quot;fadeInUp&quot;}\">\n\t\t\t\t\t\t<div class=\"elementor-container elementor-column-gap-default\">\n\t\t\t\t\t<div class=\"elementor-column elementor-col-100 elementor-top-column elementor-element elementor-element-5afd0b8\" data-id=\"5afd0b8\" data-element_type=\"column\">\n\t\t\t<div class=\"elementor-widget-wrap elementor-element-populated\">\n\t\t\t\t\t\t\t\t<div class=\"elementor-element elementor-element-791723b elementor-widget elementor-widget-image\" data-id=\"791723b\" data-element_type=\"widget\" data-widget_type=\"image.default\">\n\t\t\t\t<div class=\"elementor-widget-container\">\n\t\t\t\t\t\t\t\t\t\t\t\t\t\t\t<img decoding=\"async\" width=\"973\" height=\"241\" src=\"https:\/\/laser-sc.com\/wp-content\/uploads\/2022\/06\/elemento-63.png\" class=\"attachment-full size-full wp-image-528\" alt=\"\" srcset=\"https:\/\/laser-sc.com\/wp-content\/uploads\/2022\/06\/elemento-63.png 973w, https:\/\/laser-sc.com\/wp-content\/uploads\/2022\/06\/elemento-63-300x74.png 300w, https:\/\/laser-sc.com\/wp-content\/uploads\/2022\/06\/elemento-63-768x190.png 768w\" sizes=\"(max-width: 973px) 100vw, 973px\" \/>\t\t\t\t\t\t\t\t\t\t\t\t\t\t\t<\/div>\n\t\t\t\t<\/div>\n\t\t\t\t\t<\/div>\n\t\t<\/div>\n\t\t\t\t\t\t\t<\/div>\n\t\t<\/section>\n\t\t\t\t\t\t\t<\/div>","protected":false},"excerpt":{"rendered":"<p>Nuestro compromiso con el mundo Log\u00edstica sostenible Estamos conscientes del n\u00famero de operaciones de log\u00edstica que se est\u00e1n produciendo en el planeta cada d\u00eda. Desde ese entendimiento, como empresa que ofrece servicios log\u00edsticos sabemos que tenemos mucho protagonismo como impulsores de cambios tendentes hacia la sostenibilidad. Nuestro compromiso hacia la sostenibilidad log\u00edstica Reconocemos a la [&hellip;]<\/p>","protected":false},"author":1,"featured_media":0,"parent":0,"menu_order":0,"comment_status":"closed","ping_status":"closed","template":"elementor_header_footer","meta":{"footnotes":""},"yoast_head":"<!-- This site is optimized with the Yoast SEO plugin v21.7 - https:\/\/yoast.com\/wordpress\/plugins\/seo\/ -->\n<title>LOG\u00cdSTICA SOSTENIBLE LASER SC<\/title>\n<meta name=\"description\" content=\"Como empresa que ofrece servicios log\u00edsticos sabemos que tenemos mucho protagonismo como impulsores de cambios tendentes hacia la sostenibilidad.\" \/>\n<meta name=\"robots\" content=\"index, follow, max-snippet:-1, max-image-preview:large, max-video-preview:-1\" \/>\n<link rel=\"canonical\" href=\"https:\/\/laser-sc.com\/en\/rse\/\" \/>\n<meta property=\"og:locale\" content=\"en_US\" \/>\n<meta property=\"og:type\" content=\"article\" \/>\n<meta property=\"og:title\" content=\"LOG\u00cdSTICA SOSTENIBLE LASER SC\" \/>\n<meta property=\"og:description\" content=\"Como empresa que ofrece servicios log\u00edsticos sabemos que tenemos mucho protagonismo como impulsores de cambios tendentes hacia la sostenibilidad.\" \/>\n<meta property=\"og:url\" content=\"https:\/\/laser-sc.com\/en\/rse\/\" \/>\n<meta property=\"og:site_name\" content=\"Laser SC\" \/>\n<meta property=\"article:modified_time\" content=\"2022-08-24T17:46:11+00:00\" \/>\n<meta property=\"og:image\" content=\"https:\/\/laser-sc.com\/wp-content\/uploads\/2022\/06\/elemento-62.png\" \/>\n<meta name=\"twitter:card\" content=\"summary_large_image\" \/>\n<meta name=\"twitter:label1\" content=\"Est. reading time\" \/>\n\t<meta name=\"twitter:data1\" content=\"1 minute\" \/>\n<script type=\"application\/ld+json\" class=\"yoast-schema-graph\">{\"@context\":\"https:\/\/schema.org\",\"@graph\":[{\"@type\":\"WebPage\",\"@id\":\"https:\/\/laser-sc.com\/rse\/\",\"url\":\"https:\/\/laser-sc.com\/rse\/\",\"name\":\"LOG\u00cdSTICA SOSTENIBLE LASER SC\",\"isPartOf\":{\"@id\":\"https:\/\/laser-sc.com\/#website\"},\"datePublished\":\"2022-06-13T03:26:03+00:00\",\"dateModified\":\"2022-08-24T17:46:11+00:00\",\"description\":\"Como empresa que ofrece servicios log\u00edsticos sabemos que tenemos mucho protagonismo como impulsores de cambios tendentes hacia la sostenibilidad.\",\"breadcrumb\":{\"@id\":\"https:\/\/laser-sc.com\/rse\/#breadcrumb\"},\"inLanguage\":\"en-US\",\"potentialAction\":[{\"@type\":\"ReadAction\",\"target\":[\"https:\/\/laser-sc.com\/rse\/\"]}]},{\"@type\":\"BreadcrumbList\",\"@id\":\"https:\/\/laser-sc.com\/rse\/#breadcrumb\",\"itemListElement\":[{\"@type\":\"ListItem\",\"position\":1,\"name\":\"Portada\",\"item\":\"https:\/\/laser-sc.com\/\"},{\"@type\":\"ListItem\",\"position\":2,\"name\":\"RSE\"}]},{\"@type\":\"WebSite\",\"@id\":\"https:\/\/laser-sc.com\/#website\",\"url\":\"https:\/\/laser-sc.com\/\",\"name\":\"Laser SC\",\"description\":\"\",\"publisher\":{\"@id\":\"https:\/\/laser-sc.com\/#organization\"},\"potentialAction\":[{\"@type\":\"SearchAction\",\"target\":{\"@type\":\"EntryPoint\",\"urlTemplate\":\"https:\/\/laser-sc.com\/?s={search_term_string}\"},\"query-input\":\"required name=search_term_string\"}],\"inLanguage\":\"en-US\"},{\"@type\":\"Organization\",\"@id\":\"https:\/\/laser-sc.com\/#organization\",\"name\":\"Laser SC\",\"url\":\"https:\/\/laser-sc.com\/\",\"logo\":{\"@type\":\"ImageObject\",\"inLanguage\":\"en-US\",\"@id\":\"https:\/\/laser-sc.com\/#\/schema\/logo\/image\/\",\"url\":\"https:\/\/laser-sc.com\/wp-content\/uploads\/2022\/05\/cropped-e-22.png\",\"contentUrl\":\"https:\/\/laser-sc.com\/wp-content\/uploads\/2022\/05\/cropped-e-22.png\",\"width\":209,\"height\":58,\"caption\":\"Laser SC\"},\"image\":{\"@id\":\"https:\/\/laser-sc.com\/#\/schema\/logo\/image\/\"}}]}<\/script>\n<!-- \/ Yoast SEO plugin. -->","yoast_head_json":{"title":"LOG\u00cdSTICA SOSTENIBLE LASER SC","description":"Como empresa que ofrece servicios log\u00edsticos sabemos que tenemos mucho protagonismo como impulsores de cambios tendentes hacia la sostenibilidad.","robots":{"index":"index","follow":"follow","max-snippet":"max-snippet:-1","max-image-preview":"max-image-preview:large","max-video-preview":"max-video-preview:-1"},"canonical":"https:\/\/laser-sc.com\/en\/rse\/","og_locale":"en_US","og_type":"article","og_title":"LOG\u00cdSTICA SOSTENIBLE LASER SC","og_description":"Como empresa que ofrece servicios log\u00edsticos sabemos que tenemos mucho protagonismo como impulsores de cambios tendentes hacia la sostenibilidad.","og_url":"https:\/\/laser-sc.com\/en\/rse\/","og_site_name":"Laser SC","article_modified_time":"2022-08-24T17:46:11+00:00","og_image":[{"url":"https:\/\/laser-sc.com\/wp-content\/uploads\/2022\/06\/elemento-62.png"}],"twitter_card":"summary_large_image","twitter_misc":{"Est. reading time":"1 minute"},"schema":{"@context":"https:\/\/schema.org","@graph":[{"@type":"WebPage","@id":"https:\/\/laser-sc.com\/rse\/","url":"https:\/\/laser-sc.com\/rse\/","name":"LOG\u00cdSTICA SOSTENIBLE LASER SC","isPartOf":{"@id":"https:\/\/laser-sc.com\/#website"},"datePublished":"2022-06-13T03:26:03+00:00","dateModified":"2022-08-24T17:46:11+00:00","description":"Como empresa que ofrece servicios log\u00edsticos sabemos que tenemos mucho protagonismo como impulsores de cambios tendentes hacia la sostenibilidad.","breadcrumb":{"@id":"https:\/\/laser-sc.com\/rse\/#breadcrumb"},"inLanguage":"en-US","potentialAction":[{"@type":"ReadAction","target":["https:\/\/laser-sc.com\/rse\/"]}]},{"@type":"BreadcrumbList","@id":"https:\/\/laser-sc.com\/rse\/#breadcrumb","itemListElement":[{"@type":"ListItem","position":1,"name":"Portada","item":"https:\/\/laser-sc.com\/"},{"@type":"ListItem","position":2,"name":"RSE"}]},{"@type":"WebSite","@id":"https:\/\/laser-sc.com\/#website","url":"https:\/\/laser-sc.com\/","name":"Laser SC","description":"","publisher":{"@id":"https:\/\/laser-sc.com\/#organization"},"potentialAction":[{"@type":"SearchAction","target":{"@type":"EntryPoint","urlTemplate":"https:\/\/laser-sc.com\/?s={search_term_string}"},"query-input":"required name=search_term_string"}],"inLanguage":"en-US"},{"@type":"Organization","@id":"https:\/\/laser-sc.com\/#organization","name":"Laser SC","url":"https:\/\/laser-sc.com\/","logo":{"@type":"ImageObject","inLanguage":"en-US","@id":"https:\/\/laser-sc.com\/#\/schema\/logo\/image\/","url":"https:\/\/laser-sc.com\/wp-content\/uploads\/2022\/05\/cropped-e-22.png","contentUrl":"https:\/\/laser-sc.com\/wp-content\/uploads\/2022\/05\/cropped-e-22.png","width":209,"height":58,"caption":"Laser SC"},"image":{"@id":"https:\/\/laser-sc.com\/#\/schema\/logo\/image\/"}}]}},"_links":{"self":[{"href":"https:\/\/laser-sc.com\/en\/wp-json\/wp\/v2\/pages\/522"}],"collection":[{"href":"https:\/\/laser-sc.com\/en\/wp-json\/wp\/v2\/pages"}],"about":[{"href":"https:\/\/laser-sc.com\/en\/wp-json\/wp\/v2\/types\/page"}],"author":[{"embeddable":true,"href":"https:\/\/laser-sc.com\/en\/wp-json\/wp\/v2\/users\/1"}],"replies":[{"embeddable":true,"href":"https:\/\/laser-sc.com\/en\/wp-json\/wp\/v2\/comments?post=522"}],"version-history":[{"count":17,"href":"https:\/\/laser-sc.com\/en\/wp-json\/wp\/v2\/pages\/522\/revisions"}],"predecessor-version":[{"id":993,"href":"https:\/\/laser-sc.com\/en\/wp-json\/wp\/v2\/pages\/522\/revisions\/993"}],"wp:attachment":[{"href":"https:\/\/laser-sc.com\/en\/wp-json\/wp\/v2\/media?parent=522"}],"curies":[{"name":"wp","href":"https:\/\/api.w.org\/{rel}","templated":true}]}}